{"id":141,"date":"2021-12-13T10:45:43","date_gmt":"2021-12-13T10:45:43","guid":{"rendered":"https:\/\/tontit.mynamaki.fi\/?page_id=141"},"modified":"2025-06-23T10:43:43","modified_gmt":"2025-06-23T07:43:43","slug":"raimela","status":"publish","type":"page","link":"https:\/\/tontit.mynamaki.fi\/?page_id=141","title":{"rendered":"Raimela"},"content":{"rendered":"\t\t<div data-elementor-type=\"wp-page\" data-elementor-id=\"141\" class=\"elementor elementor-141\" data-elementor-post-type=\"page\">\n\t\t\t\t\t\t<section class=\"elementor-section elementor-top-section elementor-element elementor-element-91bcf1b elementor-section-height-min-height elementor-section-content-middle elementor-hidden-mobile elementor-section-boxed elementor-section-height-default elementor-section-items-middle\" data-id=\"91bcf1b\" data-element_type=\"section\" data-e-type=\"section\" data-settings=\"{&quot;background_background&quot;:&quot;classic&quot;}\">\n\t\t\t\t\t\t\t<div class=\"elementor-background-overlay\"><\/div>\n\t\t\t\t\t\t\t<div class=\"elementor-container elementor-column-gap-default\">\n\t\t\t\t\t<div class=\"elementor-column elementor-col-100 elementor-top-column elementor-element elementor-element-77c135d\" data-id=\"77c135d\" data-element_type=\"column\" data-e-type=\"column\">\n\t\t\t<div class=\"elementor-widget-wrap\">\n\t\t\t\t\t\t\t<\/div>\n\t\t<\/div>\n\t\t\t\t\t<\/div>\n\t\t<\/section>\n\t\t\t\t<section class=\"elementor-section elementor-top-section elementor-element elementor-element-c7c59e2 elementor-section-boxed elementor-section-height-default elementor-section-height-default\" data-id=\"c7c59e2\" data-element_type=\"section\" data-e-type=\"section\">\n\t\t\t\t\t\t<div class=\"elementor-container elementor-column-gap-default\">\n\t\t\t\t\t<div class=\"elementor-column elementor-col-100 elementor-top-column elementor-element elementor-element-6969ac9\" data-id=\"6969ac9\" data-element_type=\"column\" data-e-type=\"column\">\n\t\t\t<div class=\"elementor-widget-wrap elementor-element-populated\">\n\t\t\t\t\t\t<div class=\"elementor-element elementor-element-906dee2 elementor-widget elementor-widget-heading\" data-id=\"906dee2\" data-element_type=\"widget\" data-e-type=\"widget\" data-widget_type=\"heading.default\">\n\t\t\t\t<div class=\"elementor-widget-container\">\n\t\t\t\t\t<h1 class=\"elementor-heading-title elementor-size-default\">Raimela<\/h1>\t\t\t\t<\/div>\n\t\t\t\t<\/div>\n\t\t\t\t\t<\/div>\n\t\t<\/div>\n\t\t\t\t\t<\/div>\n\t\t<\/section>\n\t\t\t\t<section class=\"elementor-section elementor-top-section elementor-element elementor-element-17c0a3c elementor-section-boxed elementor-section-height-default elementor-section-height-default\" data-id=\"17c0a3c\" data-element_type=\"section\" data-e-type=\"section\">\n\t\t\t\t\t\t<div class=\"elementor-container elementor-column-gap-default\">\n\t\t\t\t\t<div class=\"elementor-column elementor-col-50 elementor-top-column elementor-element elementor-element-40d5f0a\" data-id=\"40d5f0a\" data-element_type=\"column\" data-e-type=\"column\">\n\t\t\t<div class=\"elementor-widget-wrap elementor-element-populated\">\n\t\t\t\t\t\t<div class=\"elementor-element elementor-element-c48c1b5 elementor-widget elementor-widget-text-editor\" data-id=\"c48c1b5\" data-element_type=\"widget\" data-e-type=\"widget\" data-widget_type=\"text-editor.default\">\n\t\t\t\t<div class=\"elementor-widget-container\">\n\t\t\t\t\t\t\t\t\t<p><strong>Rakenna Raimelaan<\/strong><\/p>\n<p>Raimelan asuinalue l\u00f6ytyy maaseutumaisemista Valtatie 8:n l\u00e4heisyydest\u00e4. Peltoaukeiden l\u00e4pi kiemurteleva Myn\u00e4joki kulkee alueen ja Valtatie 8:n v\u00e4liss\u00e4. Pientalovaltaiselta alueelta l\u00f6ytyy lapsille leikkipaikka.<\/p>\n<p>Raimelan tontit sijaitsevat noin kahden kilometrin p\u00e4\u00e4ss\u00e4 Myn\u00e4m\u00e4en keskustasta. Pikkulaurin p\u00e4iv\u00e4kotiin ja Laurin kouluun on kumpaankin matkaa alle 2 km.<\/p>\t\t\t\t\t\t\t\t<\/div>\n\t\t\t\t<\/div>\n\t\t\t\t\t<\/div>\n\t\t<\/div>\n\t\t\t\t<div class=\"elementor-column elementor-col-50 elementor-top-column elementor-element elementor-element-e9df92c\" data-id=\"e9df92c\" data-element_type=\"column\" data-e-type=\"column\">\n\t\t\t<div class=\"elementor-widget-wrap\">\n\t\t\t\t\t\t\t<\/div>\n\t\t<\/div>\n\t\t\t\t\t<\/div>\n\t\t<\/section>\n\t\t\t\t<section class=\"elementor-section elementor-top-section elementor-element elementor-element-84da597 elementor-section-boxed elementor-section-height-default elementor-section-height-default\" data-id=\"84da597\" data-element_type=\"section\" data-e-type=\"section\">\n\t\t\t\t\t\t<div class=\"elementor-container elementor-column-gap-default\">\n\t\t\t\t\t<div class=\"elementor-column elementor-col-100 elementor-top-column elementor-element elementor-element-6419614\" data-id=\"6419614\" data-element_type=\"column\" data-e-type=\"column\">\n\t\t\t<div class=\"elementor-widget-wrap elementor-element-populated\">\n\t\t\t\t\t\t<div class=\"elementor-element elementor-element-15eb339 elementor-widget elementor-widget-text-editor\" data-id=\"15eb339\" data-element_type=\"widget\" data-e-type=\"widget\" data-widget_type=\"text-editor.default\">\n\t\t\t\t<div class=\"elementor-widget-container\">\n\t\t\t\t\t\t\t\t\t<div style=\"overflow-x: auto;\">\n<table width=\"960\">\n<tbody>\n<tr>\n<td width=\"74\">Kunta<\/td>\n<td width=\"155\">Kiinteist\u00f6tunnus<\/td>\n<td width=\"99\">Pinta-ala m\u00b2<\/td>\n<td width=\"121\">Rakennusoikeus&nbsp; e=&gt;0,25<\/td>\n<td width=\"128\">K\u00e4ytt\u00f6tarkoitus<\/td>\n<td width=\"115\">Hinta \u20ac 4\u20ac\/m\u00b2<\/td>\n<td width=\"121\">Osoite<\/td>\n<td width=\"147\">Vuokrahinta 5% (1-5v) ja 8% (5v-&gt;) kauppahinnasta lunastusmahd.15 vuotta<\/td>\n<\/tr>\n<tr>\n<td>Myn\u00e4m\u00e4ki<\/td>\n<td width=\"155\">503-459-14-18 251\/4&nbsp;<\/td>\n<td>1420<\/td>\n<td>355<\/td>\n<td width=\"128\">AO I<\/td>\n<td width=\"115\">5.680<\/td>\n<td width=\"121\">Katavistontie 2<\/td>\n<td width=\"147\">284,00\u20ac\/v ja 454,4\u20ac\/v<\/td>\n<\/tr>\n<tr>\n<td>Myn\u00e4m\u00e4ki<\/td>\n<td width=\"155\">503-459-36-0 252\/9<\/td>\n<td width=\"99\">1060<\/td>\n<td width=\"121\">265<\/td>\n<td width=\"128\">AO I<\/td>\n<td width=\"115\">4.240<\/td>\n<td>Katavistontie 12<\/td>\n<td>212,00e\/v ja 339,20\u20ac\/v<\/td>\n<\/tr>\n<\/tbody>\n<\/table>\n<\/div>\n<p>Tontit ovat m\u00e4\u00e4r\u00e4aloja, todelliset pinta-alat selvi\u00e4v\u00e4t lohkomisen j\u00e4lkeen. Ostaja vastaa kauppahinnan lis\u00e4ksi lohkomiskuluista, vesi-, viem\u00e4ri- ja hulevesiliittym\u00e4maksuista sek\u00e4 kaupanvahvistajan palkkiosta. Tontin vuokraaja maksaa vuokran lis\u00e4ksi liittym\u00e4maksut. Liittyj\u00e4 hoitaa omalla kustannuksellaan talojohto-osuuden rakentamisen tarvikkeineen. Tonteilla vaaditaan teht\u00e4v\u00e4ksi pohjatutkimus.<\/p>\n<p><span style=\"font-weight: bolder;\">Omakotitontin varaaminen<\/span><\/p>\n<p>Omakotitontteja (tai osalla alueista m\u00e4\u00e4r\u00e4aloja) on mahdollista varata&nbsp;<span style=\"color: var( --e-global-color-text ); font-family: var( --e-global-typography-text-font-family ), Sans-serif; font-weight: var( --e-global-typography-text-font-weight );\">rakentamisen tarkempaa suunnittelua varten ennen osto- tai vuokrausp\u00e4\u00e4t\u00f6ksen&nbsp;<\/span><span style=\"color: var( --e-global-color-text ); font-family: var( --e-global-typography-text-font-family ), Sans-serif; font-weight: var( --e-global-typography-text-font-weight );\">tekemist\u00e4.<\/span><\/p>\n<p>Tonttivaraus tehd\u00e4\u00e4n varauslomakkeella alla olevasta linkist\u00e4 tai soittamalla kunnan tekniseen&nbsp;<span style=\"color: var( --e-global-color-text ); font-family: var( --e-global-typography-text-font-family ), Sans-serif; font-weight: var( --e-global-typography-text-font-weight );\">toimeen.<\/span><\/p>\n<p>Tontin voi p\u00e4\u00e4s\u00e4\u00e4nt\u00f6isesti varata 3 kuukauden m\u00e4\u00e4r\u00e4ajaksi maksutta.&nbsp;<span style=\"color: var( --e-global-color-text ); font-family: var( --e-global-typography-text-font-family ), Sans-serif; font-weight: var( --e-global-typography-text-font-weight );\">Tontin voi varata 3-12 kuukauden ajaksi 300 euron varausmaksulla.&nbsp;<\/span><\/p>\n<p><span style=\"color: var( --e-global-color-text ); font-family: var( --e-global-typography-text-font-family ), Sans-serif; font-weight: var( --e-global-typography-text-font-weight );\">Jos kauppa&nbsp;<\/span><span style=\"color: var( --e-global-color-text ); font-family: var( --e-global-typography-text-font-family ), Sans-serif; font-weight: var( --e-global-typography-text-font-weight );\">toteutuu, hyvitet\u00e4\u00e4n varausmaksu tontin kauppahinnasta. Mik\u00e4li varaaja&nbsp;<\/span><span style=\"color: var( --e-global-color-text ); font-family: var( --e-global-typography-text-font-family ), Sans-serif; font-weight: var( --e-global-typography-text-font-weight );\">peruuttaa varauksen kunnasta johtumattomasta syyst\u00e4, j\u00e4\u00e4 varausmaksu&nbsp;<\/span><span style=\"color: var( --e-global-color-text ); font-family: var( --e-global-typography-text-font-family ), Sans-serif; font-weight: var( --e-global-typography-text-font-weight );\">kunnalle.<\/span><\/p>\n<p><span style=\"font-weight: bolder;\">Tontin vuokraaminen<\/span><\/p>\n<p>Meill\u00e4 voit omakotitontin varaajana valita ostatko vai vuokraatko tonttisi.&nbsp;<span style=\"color: var( --e-global-color-text ); font-family: var( --e-global-typography-text-font-family ), Sans-serif; font-weight: var( --e-global-typography-text-font-weight );\">Omakotitontin vuosivuokra on 5 % \/ 8 % kauppahinnasta. Mik\u00e4li vuokraat ja&nbsp;<\/span><span style=\"color: var( --e-global-color-text ); font-family: var( --e-global-typography-text-font-family ), Sans-serif; font-weight: var( --e-global-typography-text-font-weight );\">p\u00e4\u00e4t\u00e4t viiden vuoden kuluessa lunastaa tontin omaksesi, puolet maksetuista&nbsp;<\/span><span style=\"color: var( --e-global-color-text ); font-family: var( --e-global-typography-text-font-family ), Sans-serif; font-weight: var( --e-global-typography-text-font-weight );\">vuokrista luetaan kauppahinnassa eduksesi.<\/span><\/p>\n<p><span style=\"font-weight: bolder;\">Omakotitontin kauppahinnan tai vuokran lis\u00e4ksi tulevat&nbsp;<span style=\"color: var( --e-global-color-text ); font-family: var( --e-global-typography-text-font-family ), Sans-serif;\">muut maksut:<\/span><\/span><\/p>\n<ul style=\"font-size: 18px; background-color: #ffffff;\">\n<li style=\"font-size: 18px;\">Tontin lohkomismaksu on maanmittauslaitoksen kulloinkin voimassa oleva hinnaston mukainen.&nbsp;<\/li>\n<li style=\"font-size: 18px;\">Kaupanvahvistajan palkkio kaupanteon yhteydess\u00e4 (n. 150 euroa)<\/li>\n<li style=\"font-size: 18px;\">Lis\u00e4ksi ostaja vastaa vesi-, viem\u00e4ri- ja hulevesiliittym\u00e4maksuista. Liittyj\u00e4 huolehtii omalla kustannuksellaan talojohto-osuuden rakentamisen tarvikkeineen.&nbsp;<a style=\"background-color: #ffffff;\" href=\"https:\/\/www.mynamaki.fi\/asuminen-ja-ymparisto\/tekniset-palvelut\/vesihuolto\/\">Vesi- ja viem\u00e4riliittymist\u00e4 lis\u00e4\u00e4 Myn\u00e4m\u00e4en Vesihuolto Oy:n verkkosivuilla.<\/a><\/li>\n<li style=\"font-size: 18px;\">Rakennuksen valvonta-, merkitsemis- ja tarkastusmaksut suoritetaan heti rakennusluvan my\u00f6nt\u00e4misen j\u00e4lkeen.<\/li>\n<li style=\"font-size: 18px;\">S\u00e4hk\u00f6liittymismaksu n. 2 640 \u20ac suoritetaan Caruna Oy:lle. Arvonlis\u00e4vero (24 %) sis\u00e4ltyy liittymismaksuun.<\/li>\n<li style=\"font-size: 18px;\">Tonteilla vaaditaan teht\u00e4v\u00e4ksi pohjatutkimus, jonka kuluista vastaa ostaja.<\/li>\n<\/ul>\t\t\t\t\t\t\t\t<\/div>\n\t\t\t\t<\/div>\n\t\t\t\t<div class=\"elementor-element elementor-element-a763163 elementor-align-center elementor-widget elementor-widget-button\" data-id=\"a763163\" data-element_type=\"widget\" data-e-type=\"widget\" data-widget_type=\"button.default\">\n\t\t\t\t<div class=\"elementor-widget-container\">\n\t\t\t\t\t\t\t\t\t<div class=\"elementor-button-wrapper\">\n\t\t\t\t\t<a class=\"elementor-button elementor-button-link elementor-size-sm\" href=\"https:\/\/link.webropolsurveys.com\/Participation\/Public\/ff30f71d-0413-4f51-b5d3-2ba6ed3213c6?displayId=Fin2267439\">\n\t\t\t\t\t\t<span class=\"elementor-button-content-wrapper\">\n\t\t\t\t\t\t\t\t\t<span class=\"elementor-button-text\">Tonttivaraus<\/span>\n\t\t\t\t\t<\/span>\n\t\t\t\t\t<\/a>\n\t\t\t\t<\/div>\n\t\t\t\t\t\t\t\t<\/div>\n\t\t\t\t<\/div>\n\t\t\t\t\t<\/div>\n\t\t<\/div>\n\t\t\t\t\t<\/div>\n\t\t<\/section>\n\t\t\t\t<section class=\"elementor-section elementor-top-section elementor-element elementor-element-e42e04e elementor-section-boxed elementor-section-height-default elementor-section-height-default\" data-id=\"e42e04e\" data-element_type=\"section\" data-e-type=\"section\">\n\t\t\t\t\t\t<div class=\"elementor-container elementor-column-gap-default\">\n\t\t\t\t\t<div class=\"elementor-column elementor-col-50 elementor-top-column elementor-element elementor-element-ddc130e\" data-id=\"ddc130e\" data-element_type=\"column\" data-e-type=\"column\">\n\t\t\t<div class=\"elementor-widget-wrap elementor-element-populated\">\n\t\t\t\t\t\t<div class=\"elementor-element elementor-element-506d75e elementor-widget elementor-widget-google_maps\" data-id=\"506d75e\" data-element_type=\"widget\" data-e-type=\"widget\" data-widget_type=\"google_maps.default\">\n\t\t\t\t<div class=\"elementor-widget-container\">\n\t\t\t\t\t\t\t<div class=\"elementor-custom-embed\">\n\t\t\t<iframe loading=\"lazy\"\n\t\t\t\t\tsrc=\"https:\/\/maps.google.com\/maps?q=Katavistontie%2C%20Myn%C3%A4m%C3%A4ki&#038;t=m&#038;z=15&#038;output=embed&#038;iwloc=near\"\n\t\t\t\t\ttitle=\"Katavistontie, Myn\u00e4m\u00e4ki\"\n\t\t\t\t\taria-label=\"Katavistontie, Myn\u00e4m\u00e4ki\"\n\t\t\t><\/iframe>\n\t\t<\/div>\n\t\t\t\t\t\t<\/div>\n\t\t\t\t<\/div>\n\t\t\t\t\t<\/div>\n\t\t<\/div>\n\t\t\t\t<div class=\"elementor-column elementor-col-50 elementor-top-column elementor-element elementor-element-6ae836e\" data-id=\"6ae836e\" data-element_type=\"column\" data-e-type=\"column\">\n\t\t\t<div class=\"elementor-widget-wrap elementor-element-populated\">\n\t\t\t\t\t\t<div class=\"elementor-element elementor-element-6db2cfc elementor-widget elementor-widget-image\" data-id=\"6db2cfc\" data-element_type=\"widget\" data-e-type=\"widget\" data-widget_type=\"image.default\">\n\t\t\t\t<div class=\"elementor-widget-container\">\n\t\t\t\t\t\t\t\t\t\t\t\t\t\t\t<img fetchpriority=\"high\" decoding=\"async\" width=\"800\" height=\"539\" src=\"https:\/\/tontit.mynamaki.fi\/wp-content\/uploads\/2022\/08\/Raimela-uusi-kartta-1024x690.png\" class=\"attachment-large size-large wp-image-1502\" alt=\"\" srcset=\"https:\/\/tontit.mynamaki.fi\/wp-content\/uploads\/2022\/08\/Raimela-uusi-kartta-1024x690.png 1024w, https:\/\/tontit.mynamaki.fi\/wp-content\/uploads\/2022\/08\/Raimela-uusi-kartta-300x202.png 300w, https:\/\/tontit.mynamaki.fi\/wp-content\/uploads\/2022\/08\/Raimela-uusi-kartta-768x518.png 768w, https:\/\/tontit.mynamaki.fi\/wp-content\/uploads\/2022\/08\/Raimela-uusi-kartta.png 1052w\" sizes=\"(max-width: 800px) 100vw, 800px\" \/>\t\t\t\t\t\t\t\t\t\t\t\t\t\t\t<\/div>\n\t\t\t\t<\/div>\n\t\t\t\t\t<\/div>\n\t\t<\/div>\n\t\t\t\t\t<\/div>\n\t\t<\/section>\n\t\t\t\t<section class=\"elementor-section elementor-top-section elementor-element elementor-element-9f9b2ad elementor-section-boxed elementor-section-height-default elementor-section-height-default\" data-id=\"9f9b2ad\" data-element_type=\"section\" data-e-type=\"section\">\n\t\t\t\t\t\t<div class=\"elementor-container elementor-column-gap-default\">\n\t\t\t\t\t<div class=\"elementor-column elementor-col-100 elementor-top-column elementor-element elementor-element-098b161\" data-id=\"098b161\" data-element_type=\"column\" data-e-type=\"column\">\n\t\t\t<div class=\"elementor-widget-wrap elementor-element-populated\">\n\t\t\t\t\t\t<div class=\"elementor-element elementor-element-fc340b4 elementor-widget elementor-widget-spacer\" data-id=\"fc340b4\" data-element_type=\"widget\" data-e-type=\"widget\" data-widget_type=\"spacer.default\">\n\t\t\t\t<div class=\"elementor-widget-container\">\n\t\t\t\t\t\t\t<div class=\"elementor-spacer\">\n\t\t\t<div class=\"elementor-spacer-inner\"><\/div>\n\t\t<\/div>\n\t\t\t\t\t\t<\/div>\n\t\t\t\t<\/div>\n\t\t\t\t\t<\/div>\n\t\t<\/div>\n\t\t\t\t\t<\/div>\n\t\t<\/section>\n\t\t\t\t<\/div>\n\t\t","protected":false},"excerpt":{"rendered":"<p>Raimela Rakenna Raimelaan Raimelan asuinalue l\u00f6ytyy maaseutumaisemista Valtatie 8:n l\u00e4heisyydest\u00e4. Peltoaukeiden l\u00e4pi kiemurteleva Myn\u00e4joki kulkee alueen ja Valtatie 8:n v\u00e4liss\u00e4. Pientalovaltaiselta alueelta l\u00f6ytyy lapsille leikkipaikka. Raimelan tontit sijaitsevat noin kahden kilometrin p\u00e4\u00e4ss\u00e4 Myn\u00e4m\u00e4en keskustasta. Pikkulaurin p\u00e4iv\u00e4kotiin ja Laurin kouluun on kumpaankin matkaa alle 2 km. Kunta Kiinteist\u00f6tunnus Pinta-ala m\u00b2 Rakennusoikeus&nbsp; e=&gt;0,25 K\u00e4ytt\u00f6tarkoitus Hinta \u20ac 4\u20ac\/m\u00b2 [&hellip;]<\/p>\n","protected":false},"author":2,"featured_media":0,"parent":0,"menu_order":0,"comment_status":"closed","ping_status":"closed","template":"","meta":{"footnotes":""},"class_list":["post-141","page","type-page","status-publish","hentry"],"yoast_head":"<!-- This site is optimized with the Yoast SEO plugin v27.3 - https:\/\/yoast.com\/product\/yoast-seo-wordpress\/ -->\n<title>Raimela - Myn\u00e4m\u00e4en kunta - tontit<\/title>\n<meta name=\"robots\" content=\"index, follow, max-snippet:-1, max-image-preview:large, max-video-preview:-1\" \/>\n<link rel=\"canonical\" href=\"https:\/\/tontit.mynamaki.fi\/?page_id=141\" \/>\n<meta property=\"og:locale\" content=\"fi_FI\" \/>\n<meta property=\"og:type\" content=\"article\" \/>\n<meta property=\"og:title\" content=\"Raimela - Myn\u00e4m\u00e4en kunta - tontit\" \/>\n<meta property=\"og:description\" content=\"Raimela Rakenna Raimelaan Raimelan asuinalue l\u00f6ytyy maaseutumaisemista Valtatie 8:n l\u00e4heisyydest\u00e4. Peltoaukeiden l\u00e4pi kiemurteleva Myn\u00e4joki kulkee alueen ja Valtatie 8:n v\u00e4liss\u00e4. Pientalovaltaiselta alueelta l\u00f6ytyy lapsille leikkipaikka. Raimelan tontit sijaitsevat noin kahden kilometrin p\u00e4\u00e4ss\u00e4 Myn\u00e4m\u00e4en keskustasta. Pikkulaurin p\u00e4iv\u00e4kotiin ja Laurin kouluun on kumpaankin matkaa alle 2 km. Kunta Kiinteist\u00f6tunnus Pinta-ala m\u00b2 Rakennusoikeus&nbsp; e=&gt;0,25 K\u00e4ytt\u00f6tarkoitus Hinta \u20ac 4\u20ac\/m\u00b2 [&hellip;]\" \/>\n<meta property=\"og:url\" content=\"https:\/\/tontit.mynamaki.fi\/?page_id=141\" \/>\n<meta property=\"og:site_name\" content=\"Myn\u00e4m\u00e4en kunta - tontit\" \/>\n<meta property=\"article:modified_time\" content=\"2025-06-23T07:43:43+00:00\" \/>\n<meta property=\"og:image\" content=\"https:\/\/tontit.mynamaki.fi\/wp-content\/uploads\/2022\/08\/Raimela-uusi-kartta.png\" \/>\n\t<meta property=\"og:image:width\" content=\"1052\" \/>\n\t<meta property=\"og:image:height\" content=\"709\" \/>\n\t<meta property=\"og:image:type\" content=\"image\/png\" \/>\n<meta name=\"twitter:card\" content=\"summary_large_image\" \/>\n<meta name=\"twitter:label1\" content=\"Arvioitu lukuaika\" \/>\n\t<meta name=\"twitter:data1\" content=\"3 minuuttia\" \/>\n<script type=\"application\/ld+json\" class=\"yoast-schema-graph\">{\"@context\":\"https:\\\/\\\/schema.org\",\"@graph\":[{\"@type\":\"WebPage\",\"@id\":\"https:\\\/\\\/tontit.mynamaki.fi\\\/?page_id=141\",\"url\":\"https:\\\/\\\/tontit.mynamaki.fi\\\/?page_id=141\",\"name\":\"Raimela - Myn\u00e4m\u00e4en kunta - tontit\",\"isPartOf\":{\"@id\":\"https:\\\/\\\/tontit.mynamaki.fi\\\/#website\"},\"primaryImageOfPage\":{\"@id\":\"https:\\\/\\\/tontit.mynamaki.fi\\\/?page_id=141#primaryimage\"},\"image\":{\"@id\":\"https:\\\/\\\/tontit.mynamaki.fi\\\/?page_id=141#primaryimage\"},\"thumbnailUrl\":\"https:\\\/\\\/tontit.mynamaki.fi\\\/wp-content\\\/uploads\\\/2022\\\/08\\\/Raimela-uusi-kartta-1024x690.png\",\"datePublished\":\"2021-12-13T10:45:43+00:00\",\"dateModified\":\"2025-06-23T07:43:43+00:00\",\"breadcrumb\":{\"@id\":\"https:\\\/\\\/tontit.mynamaki.fi\\\/?page_id=141#breadcrumb\"},\"inLanguage\":\"fi\",\"potentialAction\":[{\"@type\":\"ReadAction\",\"target\":[\"https:\\\/\\\/tontit.mynamaki.fi\\\/?page_id=141\"]}]},{\"@type\":\"ImageObject\",\"inLanguage\":\"fi\",\"@id\":\"https:\\\/\\\/tontit.mynamaki.fi\\\/?page_id=141#primaryimage\",\"url\":\"https:\\\/\\\/tontit.mynamaki.fi\\\/wp-content\\\/uploads\\\/2022\\\/08\\\/Raimela-uusi-kartta.png\",\"contentUrl\":\"https:\\\/\\\/tontit.mynamaki.fi\\\/wp-content\\\/uploads\\\/2022\\\/08\\\/Raimela-uusi-kartta.png\",\"width\":1052,\"height\":709},{\"@type\":\"BreadcrumbList\",\"@id\":\"https:\\\/\\\/tontit.mynamaki.fi\\\/?page_id=141#breadcrumb\",\"itemListElement\":[{\"@type\":\"ListItem\",\"position\":1,\"name\":\"Home\",\"item\":\"https:\\\/\\\/tontit.mynamaki.fi\\\/\"},{\"@type\":\"ListItem\",\"position\":2,\"name\":\"Raimela\"}]},{\"@type\":\"WebSite\",\"@id\":\"https:\\\/\\\/tontit.mynamaki.fi\\\/#website\",\"url\":\"https:\\\/\\\/tontit.mynamaki.fi\\\/\",\"name\":\"Myn\u00e4m\u00e4en kunta - tontit\",\"description\":\"\",\"publisher\":{\"@id\":\"https:\\\/\\\/tontit.mynamaki.fi\\\/#organization\"},\"potentialAction\":[{\"@type\":\"SearchAction\",\"target\":{\"@type\":\"EntryPoint\",\"urlTemplate\":\"https:\\\/\\\/tontit.mynamaki.fi\\\/?s={search_term_string}\"},\"query-input\":{\"@type\":\"PropertyValueSpecification\",\"valueRequired\":true,\"valueName\":\"search_term_string\"}}],\"inLanguage\":\"fi\"},{\"@type\":\"Organization\",\"@id\":\"https:\\\/\\\/tontit.mynamaki.fi\\\/#organization\",\"name\":\"Myn\u00e4m\u00e4en kunta - tontit\",\"url\":\"https:\\\/\\\/tontit.mynamaki.fi\\\/\",\"logo\":{\"@type\":\"ImageObject\",\"inLanguage\":\"fi\",\"@id\":\"https:\\\/\\\/tontit.mynamaki.fi\\\/#\\\/schema\\\/logo\\\/image\\\/\",\"url\":\"https:\\\/\\\/tontit.mynamaki.fi\\\/wp-content\\\/uploads\\\/2021\\\/12\\\/logo_header.png\",\"contentUrl\":\"https:\\\/\\\/tontit.mynamaki.fi\\\/wp-content\\\/uploads\\\/2021\\\/12\\\/logo_header.png\",\"width\":500,\"height\":158,\"caption\":\"Myn\u00e4m\u00e4en kunta - tontit\"},\"image\":{\"@id\":\"https:\\\/\\\/tontit.mynamaki.fi\\\/#\\\/schema\\\/logo\\\/image\\\/\"}}]}<\/script>\n<!-- \/ Yoast SEO plugin. -->","yoast_head_json":{"title":"Raimela - Myn\u00e4m\u00e4en kunta - tontit","robots":{"index":"index","follow":"follow","max-snippet":"max-snippet:-1","max-image-preview":"max-image-preview:large","max-video-preview":"max-video-preview:-1"},"canonical":"https:\/\/tontit.mynamaki.fi\/?page_id=141","og_locale":"fi_FI","og_type":"article","og_title":"Raimela - Myn\u00e4m\u00e4en kunta - tontit","og_description":"Raimela Rakenna Raimelaan Raimelan asuinalue l\u00f6ytyy maaseutumaisemista Valtatie 8:n l\u00e4heisyydest\u00e4. Peltoaukeiden l\u00e4pi kiemurteleva Myn\u00e4joki kulkee alueen ja Valtatie 8:n v\u00e4liss\u00e4. Pientalovaltaiselta alueelta l\u00f6ytyy lapsille leikkipaikka. Raimelan tontit sijaitsevat noin kahden kilometrin p\u00e4\u00e4ss\u00e4 Myn\u00e4m\u00e4en keskustasta. Pikkulaurin p\u00e4iv\u00e4kotiin ja Laurin kouluun on kumpaankin matkaa alle 2 km. Kunta Kiinteist\u00f6tunnus Pinta-ala m\u00b2 Rakennusoikeus&nbsp; e=&gt;0,25 K\u00e4ytt\u00f6tarkoitus Hinta \u20ac 4\u20ac\/m\u00b2 [&hellip;]","og_url":"https:\/\/tontit.mynamaki.fi\/?page_id=141","og_site_name":"Myn\u00e4m\u00e4en kunta - tontit","article_modified_time":"2025-06-23T07:43:43+00:00","og_image":[{"width":1052,"height":709,"url":"https:\/\/tontit.mynamaki.fi\/wp-content\/uploads\/2022\/08\/Raimela-uusi-kartta.png","type":"image\/png"}],"twitter_card":"summary_large_image","twitter_misc":{"Arvioitu lukuaika":"3 minuuttia"},"schema":{"@context":"https:\/\/schema.org","@graph":[{"@type":"WebPage","@id":"https:\/\/tontit.mynamaki.fi\/?page_id=141","url":"https:\/\/tontit.mynamaki.fi\/?page_id=141","name":"Raimela - Myn\u00e4m\u00e4en kunta - tontit","isPartOf":{"@id":"https:\/\/tontit.mynamaki.fi\/#website"},"primaryImageOfPage":{"@id":"https:\/\/tontit.mynamaki.fi\/?page_id=141#primaryimage"},"image":{"@id":"https:\/\/tontit.mynamaki.fi\/?page_id=141#primaryimage"},"thumbnailUrl":"https:\/\/tontit.mynamaki.fi\/wp-content\/uploads\/2022\/08\/Raimela-uusi-kartta-1024x690.png","datePublished":"2021-12-13T10:45:43+00:00","dateModified":"2025-06-23T07:43:43+00:00","breadcrumb":{"@id":"https:\/\/tontit.mynamaki.fi\/?page_id=141#breadcrumb"},"inLanguage":"fi","potentialAction":[{"@type":"ReadAction","target":["https:\/\/tontit.mynamaki.fi\/?page_id=141"]}]},{"@type":"ImageObject","inLanguage":"fi","@id":"https:\/\/tontit.mynamaki.fi\/?page_id=141#primaryimage","url":"https:\/\/tontit.mynamaki.fi\/wp-content\/uploads\/2022\/08\/Raimela-uusi-kartta.png","contentUrl":"https:\/\/tontit.mynamaki.fi\/wp-content\/uploads\/2022\/08\/Raimela-uusi-kartta.png","width":1052,"height":709},{"@type":"BreadcrumbList","@id":"https:\/\/tontit.mynamaki.fi\/?page_id=141#breadcrumb","itemListElement":[{"@type":"ListItem","position":1,"name":"Home","item":"https:\/\/tontit.mynamaki.fi\/"},{"@type":"ListItem","position":2,"name":"Raimela"}]},{"@type":"WebSite","@id":"https:\/\/tontit.mynamaki.fi\/#website","url":"https:\/\/tontit.mynamaki.fi\/","name":"Myn\u00e4m\u00e4en kunta - tontit","description":"","publisher":{"@id":"https:\/\/tontit.mynamaki.fi\/#organization"},"potentialAction":[{"@type":"SearchAction","target":{"@type":"EntryPoint","urlTemplate":"https:\/\/tontit.mynamaki.fi\/?s={search_term_string}"},"query-input":{"@type":"PropertyValueSpecification","valueRequired":true,"valueName":"search_term_string"}}],"inLanguage":"fi"},{"@type":"Organization","@id":"https:\/\/tontit.mynamaki.fi\/#organization","name":"Myn\u00e4m\u00e4en kunta - tontit","url":"https:\/\/tontit.mynamaki.fi\/","logo":{"@type":"ImageObject","inLanguage":"fi","@id":"https:\/\/tontit.mynamaki.fi\/#\/schema\/logo\/image\/","url":"https:\/\/tontit.mynamaki.fi\/wp-content\/uploads\/2021\/12\/logo_header.png","contentUrl":"https:\/\/tontit.mynamaki.fi\/wp-content\/uploads\/2021\/12\/logo_header.png","width":500,"height":158,"caption":"Myn\u00e4m\u00e4en kunta - tontit"},"image":{"@id":"https:\/\/tontit.mynamaki.fi\/#\/schema\/logo\/image\/"}}]}},"_links":{"self":[{"href":"https:\/\/tontit.mynamaki.fi\/index.php?rest_route=\/wp\/v2\/pages\/141","targetHints":{"allow":["GET"]}}],"collection":[{"href":"https:\/\/tontit.mynamaki.fi\/index.php?rest_route=\/wp\/v2\/pages"}],"about":[{"href":"https:\/\/tontit.mynamaki.fi\/index.php?rest_route=\/wp\/v2\/types\/page"}],"author":[{"embeddable":true,"href":"https:\/\/tontit.mynamaki.fi\/index.php?rest_route=\/wp\/v2\/users\/2"}],"replies":[{"embeddable":true,"href":"https:\/\/tontit.mynamaki.fi\/index.php?rest_route=%2Fwp%2Fv2%2Fcomments&post=141"}],"version-history":[{"count":43,"href":"https:\/\/tontit.mynamaki.fi\/index.php?rest_route=\/wp\/v2\/pages\/141\/revisions"}],"predecessor-version":[{"id":2033,"href":"https:\/\/tontit.mynamaki.fi\/index.php?rest_route=\/wp\/v2\/pages\/141\/revisions\/2033"}],"wp:attachment":[{"href":"https:\/\/tontit.mynamaki.fi\/index.php?rest_route=%2Fwp%2Fv2%2Fmedia&parent=141"}],"curies":[{"name":"wp","href":"https:\/\/api.w.org\/{rel}","templated":true}]}}