{"id":147,"date":"2021-12-13T10:46:09","date_gmt":"2021-12-13T10:46:09","guid":{"rendered":"https:\/\/tontit.mynamaki.fi\/?page_id=147"},"modified":"2025-06-23T10:46:20","modified_gmt":"2025-06-23T07:46:20","slug":"tavastila","status":"publish","type":"page","link":"https:\/\/tontit.mynamaki.fi\/?page_id=147","title":{"rendered":"Tavastila"},"content":{"rendered":"\t\t<div data-elementor-type=\"wp-page\" data-elementor-id=\"147\" class=\"elementor elementor-147\" data-elementor-post-type=\"page\">\n\t\t\t\t\t\t<section class=\"elementor-section elementor-top-section elementor-element elementor-element-b4add9d elementor-section-height-min-height elementor-section-content-middle elementor-hidden-mobile elementor-section-boxed elementor-section-height-default elementor-section-items-middle\" data-id=\"b4add9d\" data-element_type=\"section\" data-e-type=\"section\" data-settings=\"{&quot;background_background&quot;:&quot;classic&quot;}\">\n\t\t\t\t\t\t\t<div class=\"elementor-background-overlay\"><\/div>\n\t\t\t\t\t\t\t<div class=\"elementor-container elementor-column-gap-default\">\n\t\t\t\t\t<div class=\"elementor-column elementor-col-100 elementor-top-column elementor-element elementor-element-19a5a52\" data-id=\"19a5a52\" data-element_type=\"column\" data-e-type=\"column\">\n\t\t\t<div class=\"elementor-widget-wrap\">\n\t\t\t\t\t\t\t<\/div>\n\t\t<\/div>\n\t\t\t\t\t<\/div>\n\t\t<\/section>\n\t\t\t\t<section class=\"elementor-section elementor-top-section elementor-element elementor-element-cd6c011 elementor-section-boxed elementor-section-height-default elementor-section-height-default\" data-id=\"cd6c011\" data-element_type=\"section\" data-e-type=\"section\">\n\t\t\t\t\t\t<div class=\"elementor-container elementor-column-gap-default\">\n\t\t\t\t\t<div class=\"elementor-column elementor-col-100 elementor-top-column elementor-element elementor-element-24b8137\" data-id=\"24b8137\" data-element_type=\"column\" data-e-type=\"column\">\n\t\t\t<div class=\"elementor-widget-wrap elementor-element-populated\">\n\t\t\t\t\t\t<div class=\"elementor-element elementor-element-602caab elementor-widget elementor-widget-heading\" data-id=\"602caab\" data-element_type=\"widget\" data-e-type=\"widget\" data-widget_type=\"heading.default\">\n\t\t\t\t<div class=\"elementor-widget-container\">\n\t\t\t\t\t<h1 class=\"elementor-heading-title elementor-size-default\">Tavastila<\/h1>\t\t\t\t<\/div>\n\t\t\t\t<\/div>\n\t\t\t\t\t<\/div>\n\t\t<\/div>\n\t\t\t\t\t<\/div>\n\t\t<\/section>\n\t\t\t\t<section class=\"elementor-section elementor-top-section elementor-element elementor-element-a097726 elementor-section-boxed elementor-section-height-default elementor-section-height-default\" data-id=\"a097726\" data-element_type=\"section\" data-e-type=\"section\">\n\t\t\t\t\t\t<div class=\"elementor-container elementor-column-gap-default\">\n\t\t\t\t\t<div class=\"elementor-column elementor-col-50 elementor-top-column elementor-element elementor-element-6900e3c\" data-id=\"6900e3c\" data-element_type=\"column\" data-e-type=\"column\">\n\t\t\t<div class=\"elementor-widget-wrap elementor-element-populated\">\n\t\t\t\t\t\t<div class=\"elementor-element elementor-element-fed0d0e elementor-widget elementor-widget-text-editor\" data-id=\"fed0d0e\" data-element_type=\"widget\" data-e-type=\"widget\" data-widget_type=\"text-editor.default\">\n\t\t\t\t<div class=\"elementor-widget-container\">\n\t\t\t\t\t\t\t\t\t<p><strong>Talo Tavastilaan<\/strong><\/p><p>Tavastilan tontit sijaitsevat rauhallisella, mets\u00e4isell\u00e4 asuinalueella Mietoisten kirkonkyl\u00e4ss\u00e4 noin 8 km:n p\u00e4\u00e4ss\u00e4 Myn\u00e4m\u00e4en keskustasta. Koulutie on lyhyt: Hiirenkorvan p\u00e4iv\u00e4kotiin ja Tavastilan kouluun on kumpaankin matkaa vajaa kilometri.<\/p><p>Mietoisten alueelta l\u00f6ytyv\u00e4t hyv\u00e4t mahdollisuudet harrastustoimintaan. Tavastilan koululla j\u00e4rjestet\u00e4\u00e4n ty\u00f6v\u00e4enopiston kursseja. Koulun pihalla on monipuoliset urheilumahdollisuudet: yleisurheilukentt\u00e4, pallokentt\u00e4, rantalentopallokentt\u00e4 ja frisbeegolfrata.<\/p><p>Kirkonkyl\u00e4lt\u00e4 l\u00f6ytyy my\u00f6s Mietoisten kirkko ja seurakuntakoti, jossa j\u00e4rjestet\u00e4\u00e4n varhaiskasvatusta ja lapsiperhetoimintaa.<\/p><p>Kustavintielle Tavastilasta on matkaa noin 2 km ja sek\u00e4 Turkuun ett\u00e4 Uuteenkaupunkiin ajaa noin puolessa tunnissa.<\/p>\t\t\t\t\t\t\t\t<\/div>\n\t\t\t\t<\/div>\n\t\t\t\t\t<\/div>\n\t\t<\/div>\n\t\t\t\t<div class=\"elementor-column elementor-col-50 elementor-top-column elementor-element elementor-element-2e14b28\" data-id=\"2e14b28\" data-element_type=\"column\" data-e-type=\"column\">\n\t\t\t<div class=\"elementor-widget-wrap\">\n\t\t\t\t\t\t\t<\/div>\n\t\t<\/div>\n\t\t\t\t\t<\/div>\n\t\t<\/section>\n\t\t\t\t<section class=\"elementor-section elementor-top-section elementor-element elementor-element-6f659c9 elementor-section-boxed elementor-section-height-default elementor-section-height-default\" data-id=\"6f659c9\" data-element_type=\"section\" data-e-type=\"section\">\n\t\t\t\t\t\t<div class=\"elementor-container elementor-column-gap-default\">\n\t\t\t\t\t<div class=\"elementor-column elementor-col-100 elementor-top-column elementor-element elementor-element-d4c59c1\" data-id=\"d4c59c1\" data-element_type=\"column\" data-e-type=\"column\">\n\t\t\t<div class=\"elementor-widget-wrap elementor-element-populated\">\n\t\t\t\t\t\t<div class=\"elementor-element elementor-element-ace9f5c elementor-widget elementor-widget-text-editor\" data-id=\"ace9f5c\" data-element_type=\"widget\" data-e-type=\"widget\" data-widget_type=\"text-editor.default\">\n\t\t\t\t<div class=\"elementor-widget-container\">\n\t\t\t\t\t\t\t\t\t<div style=\"overflow-x:auto;\">\n<table width=\"773\">\n<tbody>\n<tr>\n<td width=\"115\">Kiinteist\u00f6tunnus<\/td>\n<td width=\"49\">Pinta-ala m\u00b2<\/td>\n<td width=\"159\">Rakennusoikeus&nbsp; e=0,20<\/td>\n<td width=\"105\">K\u00e4ytt\u00f6tarkoitus<\/td>\n<td width=\"111\">Hinta \u20ac&nbsp;&nbsp;&nbsp;&nbsp; 5,00\/m\u00b2&nbsp; AO<br>8,00\/m\u00b2&nbsp; AR<\/td>\n<td width=\"82\">Osoite<\/td>\n<td width=\"136\">Vuokrahinta 5% (1-5v) ja 8% (5v-&gt;) kauppahinnasta lunastusmahd.15 vuotta<\/td>\n<\/tr>\n<tr>\n<td width=\"115\">503-561-1-83 33\/1<br><\/td>\n<td>1913<\/td>\n<td>382<\/td>\n<td>AO I<\/td>\n<td width=\"111\">9.565<\/td>\n<td width=\"82\">Tavastintie 9<\/td>\n<td>478,20\u20ac\/v ja 765,20\u20ac\/v<\/td>\n<\/tr>\n<tr>\n<td width=\"115\">503-561-1-83 33\/2<br><\/td>\n<td>1531<\/td>\n<td>306<\/td>\n<td>AO I<\/td>\n<td width=\"111\">7.655<\/td>\n<td width=\"82\">Tavastintie 11<\/td>\n<td>382,75\/v ja 612,40\u20ac\/v<\/td>\n<\/tr>\n<tr>\n<td width=\"115\">503-561-1-83 33\/3<br><\/td>\n<td width=\"49\">1558<\/td>\n<td width=\"159\">311<\/td>\n<td>AO I<\/td>\n<td width=\"111\">7.790<\/td>\n<td width=\"82\">Tavastintie 13<\/td>\n<td>389,50\u20ac\/v ja 623,20\u20ac\/v<\/td>\n<\/tr>\n<\/tbody>\n<\/table>\n<\/div>\n<p>Tontit ovat m\u00e4\u00e4r\u00e4aloja, todelliset pinta-alat selvi\u00e4v\u00e4t lohkomisen j\u00e4lkeen. Ostaja vastaa kauppahinnan lis\u00e4ksi lohkomiskuluista, vesi-, viem\u00e4ri- ja hulevesiliittym\u00e4maksuista sek\u00e4 kaupanvahvistajan palkkiosta. Tontin vuokraaja maksaa vuokran lis\u00e4ksi liittym\u00e4maksut. Liittyj\u00e4 hoitaa omalla kustannuksellaan talojohto-osuuden rakentamisen tarvikkeineen. Tonteilla vaaditaan teht\u00e4v\u00e4ksi pohjatutkimus.<\/p>\n<p><span style=\"font-weight: bolder;\">Omakotitontin varaaminen<\/span><\/p>\n<p>Omakotitontteja (tai osalla alueista m\u00e4\u00e4r\u00e4aloja) on mahdollista varata&nbsp;<span style=\"color: var( --e-global-color-text ); font-family: var( --e-global-typography-text-font-family ), Sans-serif; font-weight: var( --e-global-typography-text-font-weight );\">rakentamisen tarkempaa suunnittelua varten ennen osto- tai vuokrausp\u00e4\u00e4t\u00f6ksen&nbsp;<\/span><span style=\"color: var( --e-global-color-text ); font-family: var( --e-global-typography-text-font-family ), Sans-serif; font-weight: var( --e-global-typography-text-font-weight );\">tekemist\u00e4.<\/span><\/p>\n<p>Tonttivaraus tehd\u00e4\u00e4n varauslomakkeella alla olevasta linkist\u00e4 tai soittamalla kunnan tekniseen&nbsp;<span style=\"color: var( --e-global-color-text ); font-family: var( --e-global-typography-text-font-family ), Sans-serif; font-weight: var( --e-global-typography-text-font-weight );\">toimeen.<\/span><\/p>\n<p>Tontin voi p\u00e4\u00e4s\u00e4\u00e4nt\u00f6isesti varata 3 kuukauden m\u00e4\u00e4r\u00e4ajaksi maksutta.&nbsp;<span style=\"color: var( --e-global-color-text ); font-family: var( --e-global-typography-text-font-family ), Sans-serif; font-weight: var( --e-global-typography-text-font-weight );\">Tontin voi varata 3-12 kuukauden ajaksi 300 euron varausmaksulla.&nbsp;<\/span><\/p>\n<p><span style=\"color: var( --e-global-color-text ); font-family: var( --e-global-typography-text-font-family ), Sans-serif; font-weight: var( --e-global-typography-text-font-weight );\">Jos kauppa&nbsp;<\/span><span style=\"color: var( --e-global-color-text ); font-family: var( --e-global-typography-text-font-family ), Sans-serif; font-weight: var( --e-global-typography-text-font-weight );\">toteutuu, hyvitet\u00e4\u00e4n varausmaksu tontin kauppahinnasta. Mik\u00e4li varaaja&nbsp;<\/span><span style=\"color: var( --e-global-color-text ); font-family: var( --e-global-typography-text-font-family ), Sans-serif; font-weight: var( --e-global-typography-text-font-weight );\">peruuttaa varauksen kunnasta johtumattomasta syyst\u00e4, j\u00e4\u00e4 varausmaksu&nbsp;<\/span><span style=\"color: var( --e-global-color-text ); font-family: var( --e-global-typography-text-font-family ), Sans-serif; font-weight: var( --e-global-typography-text-font-weight );\">kunnalle.<\/span><\/p>\n<p><span style=\"font-weight: bolder;\">Tontin vuokraaminen<\/span><\/p>\n<p>Meill\u00e4 voit omakotitontin varaajana valita ostatko vai vuokraatko tonttisi.&nbsp;<span style=\"color: var( --e-global-color-text ); font-family: var( --e-global-typography-text-font-family ), Sans-serif; font-weight: var( --e-global-typography-text-font-weight );\">Omakotitontin vuosivuokra on 5 % \/ 8 % kauppahinnasta. Mik\u00e4li vuokraat ja&nbsp;<\/span><span style=\"color: var( --e-global-color-text ); font-family: var( --e-global-typography-text-font-family ), Sans-serif; font-weight: var( --e-global-typography-text-font-weight );\">p\u00e4\u00e4t\u00e4t viiden vuoden kuluessa lunastaa tontin omaksesi, puolet maksetuista&nbsp;<\/span><span style=\"color: var( --e-global-color-text ); font-family: var( --e-global-typography-text-font-family ), Sans-serif; font-weight: var( --e-global-typography-text-font-weight );\">vuokrista luetaan kauppahinnassa eduksesi.<\/span><\/p>\n<p><span style=\"font-weight: bolder;\">Omakotitontin kauppahinnan tai vuokran lis\u00e4ksi tulevat&nbsp;<span style=\"color: var( --e-global-color-text ); font-family: var( --e-global-typography-text-font-family ), Sans-serif;\">muut maksut:<\/span><\/span><\/p>\n<ul style=\"font-size: 18px; background-color: rgb(255, 255, 255);\">\n<li style=\"font-size: 18px;\">Tontin lohkomismaksu on maanmittauslaitoksen kulloinkin voimassa oleva hinnaston mukainen.&nbsp;<\/li>\n<li style=\"font-size: 18px;\">Kaupanvahvistajan palkkio kaupanteon yhteydess\u00e4 (n. 150 euroa)<\/li>\n<li style=\"font-size: 18px;\">Lis\u00e4ksi ostaja vastaa vesi-, viem\u00e4ri- ja hulevesiliittym\u00e4maksuista. Liittyj\u00e4 huolehtii omalla kustannuksellaan talojohto-osuuden rakentamisen tarvikkeineen.&nbsp;<a href=\"https:\/\/www.mynamaki.fi\/asuminen-ja-ymparisto\/tekniset-palvelut\/vesihuolto\/\" style=\"background-color: rgb(255, 255, 255);\">Vesi- ja viem\u00e4riliittymist\u00e4 lis\u00e4\u00e4 Myn\u00e4m\u00e4en Vesihuolto Oy:n verkkosivuilla.<\/a><\/li>\n<li style=\"font-size: 18px;\">Rakennuksen valvonta-, merkitsemis- ja tarkastusmaksut suoritetaan heti rakennusluvan my\u00f6nt\u00e4misen j\u00e4lkeen.<\/li>\n<li style=\"font-size: 18px;\">S\u00e4hk\u00f6liittymismaksu n. 2 640 \u20ac suoritetaan Caruna Oy:lle. Arvonlis\u00e4vero (24 %) sis\u00e4ltyy liittymismaksuun.<\/li>\n<li style=\"font-size: 18px;\">Tonteilla vaaditaan teht\u00e4v\u00e4ksi pohjatutkimus, jonka kuluista vastaa ostaja.<\/li>\n<\/ul>\t\t\t\t\t\t\t\t<\/div>\n\t\t\t\t<\/div>\n\t\t\t\t<div class=\"elementor-element elementor-element-2e60c17 elementor-align-center elementor-widget elementor-widget-button\" data-id=\"2e60c17\" data-element_type=\"widget\" data-e-type=\"widget\" data-widget_type=\"button.default\">\n\t\t\t\t<div class=\"elementor-widget-container\">\n\t\t\t\t\t\t\t\t\t<div class=\"elementor-button-wrapper\">\n\t\t\t\t\t<a class=\"elementor-button elementor-button-link elementor-size-sm\" href=\"https:\/\/link.webropolsurveys.com\/Participation\/Public\/ff30f71d-0413-4f51-b5d3-2ba6ed3213c6?displayId=Fin2267439\">\n\t\t\t\t\t\t<span class=\"elementor-button-content-wrapper\">\n\t\t\t\t\t\t\t\t\t<span class=\"elementor-button-text\">Tonttivaraus<\/span>\n\t\t\t\t\t<\/span>\n\t\t\t\t\t<\/a>\n\t\t\t\t<\/div>\n\t\t\t\t\t\t\t\t<\/div>\n\t\t\t\t<\/div>\n\t\t\t\t\t<\/div>\n\t\t<\/div>\n\t\t\t\t\t<\/div>\n\t\t<\/section>\n\t\t\t\t<section class=\"elementor-section elementor-top-section elementor-element elementor-element-1e4dd1b elementor-section-boxed elementor-section-height-default elementor-section-height-default\" data-id=\"1e4dd1b\" data-element_type=\"section\" data-e-type=\"section\">\n\t\t\t\t\t\t<div class=\"elementor-container elementor-column-gap-default\">\n\t\t\t\t\t<div class=\"elementor-column elementor-col-50 elementor-top-column elementor-element elementor-element-f92ca2a\" data-id=\"f92ca2a\" data-element_type=\"column\" data-e-type=\"column\">\n\t\t\t<div class=\"elementor-widget-wrap elementor-element-populated\">\n\t\t\t\t\t\t<div class=\"elementor-element elementor-element-6aa0967 elementor-widget elementor-widget-google_maps\" data-id=\"6aa0967\" data-element_type=\"widget\" data-e-type=\"widget\" data-widget_type=\"google_maps.default\">\n\t\t\t\t<div class=\"elementor-widget-container\">\n\t\t\t\t\t\t\t<div class=\"elementor-custom-embed\">\n\t\t\t<iframe loading=\"lazy\"\n\t\t\t\t\tsrc=\"https:\/\/maps.google.com\/maps?q=Tavastintie%2C%20Myn%C3%A4m%C3%A4ki&#038;t=m&#038;z=15&#038;output=embed&#038;iwloc=near\"\n\t\t\t\t\ttitle=\"Tavastintie, Myn\u00e4m\u00e4ki\"\n\t\t\t\t\taria-label=\"Tavastintie, Myn\u00e4m\u00e4ki\"\n\t\t\t><\/iframe>\n\t\t<\/div>\n\t\t\t\t\t\t<\/div>\n\t\t\t\t<\/div>\n\t\t\t\t\t<\/div>\n\t\t<\/div>\n\t\t\t\t<div class=\"elementor-column elementor-col-50 elementor-top-column elementor-element elementor-element-fc091db\" data-id=\"fc091db\" data-element_type=\"column\" data-e-type=\"column\">\n\t\t\t<div class=\"elementor-widget-wrap elementor-element-populated\">\n\t\t\t\t\t\t<div class=\"elementor-element elementor-element-f5629db elementor-widget elementor-widget-image\" data-id=\"f5629db\" data-element_type=\"widget\" data-e-type=\"widget\" data-widget_type=\"image.default\">\n\t\t\t\t<div class=\"elementor-widget-container\">\n\t\t\t\t\t\t\t\t\t\t\t\t\t\t\t<img decoding=\"async\" src=\"https:\/\/tontit.mynamaki.fi\/wp-content\/uploads\/2022\/08\/TavastilaAO-e1659620753140.png\" title=\"\" alt=\"\" loading=\"lazy\" \/>\t\t\t\t\t\t\t\t\t\t\t\t\t\t\t<\/div>\n\t\t\t\t<\/div>\n\t\t\t\t\t<\/div>\n\t\t<\/div>\n\t\t\t\t\t<\/div>\n\t\t<\/section>\n\t\t\t\t<section class=\"elementor-section elementor-top-section elementor-element elementor-element-88dfff6 elementor-section-boxed elementor-section-height-default elementor-section-height-default\" data-id=\"88dfff6\" data-element_type=\"section\" data-e-type=\"section\">\n\t\t\t\t\t\t<div class=\"elementor-container elementor-column-gap-default\">\n\t\t\t\t\t<div class=\"elementor-column elementor-col-100 elementor-top-column elementor-element elementor-element-a666b3c\" data-id=\"a666b3c\" data-element_type=\"column\" data-e-type=\"column\">\n\t\t\t<div class=\"elementor-widget-wrap elementor-element-populated\">\n\t\t\t\t\t\t<div class=\"elementor-element elementor-element-cb2d14b elementor-widget elementor-widget-spacer\" data-id=\"cb2d14b\" data-element_type=\"widget\" data-e-type=\"widget\" data-widget_type=\"spacer.default\">\n\t\t\t\t<div class=\"elementor-widget-container\">\n\t\t\t\t\t\t\t<div class=\"elementor-spacer\">\n\t\t\t<div class=\"elementor-spacer-inner\"><\/div>\n\t\t<\/div>\n\t\t\t\t\t\t<\/div>\n\t\t\t\t<\/div>\n\t\t\t\t\t<\/div>\n\t\t<\/div>\n\t\t\t\t\t<\/div>\n\t\t<\/section>\n\t\t\t\t<\/div>\n\t\t","protected":false},"excerpt":{"rendered":"<p>Tavastila Talo Tavastilaan Tavastilan tontit sijaitsevat rauhallisella, mets\u00e4isell\u00e4 asuinalueella Mietoisten kirkonkyl\u00e4ss\u00e4 noin 8 km:n p\u00e4\u00e4ss\u00e4 Myn\u00e4m\u00e4en keskustasta. Koulutie on lyhyt: Hiirenkorvan p\u00e4iv\u00e4kotiin ja Tavastilan kouluun on kumpaankin matkaa vajaa kilometri. Mietoisten alueelta l\u00f6ytyv\u00e4t hyv\u00e4t mahdollisuudet harrastustoimintaan. Tavastilan koululla j\u00e4rjestet\u00e4\u00e4n ty\u00f6v\u00e4enopiston kursseja. Koulun pihalla on monipuoliset urheilumahdollisuudet: yleisurheilukentt\u00e4, pallokentt\u00e4, rantalentopallokentt\u00e4 ja frisbeegolfrata. Kirkonkyl\u00e4lt\u00e4 l\u00f6ytyy my\u00f6s Mietoisten [&hellip;]<\/p>\n","protected":false},"author":2,"featured_media":0,"parent":0,"menu_order":0,"comment_status":"closed","ping_status":"closed","template":"","meta":{"footnotes":""},"class_list":["post-147","page","type-page","status-publish","hentry"],"yoast_head":"<!-- This site is optimized with the Yoast SEO plugin v27.3 - https:\/\/yoast.com\/product\/yoast-seo-wordpress\/ -->\n<title>Tavastila - Myn\u00e4m\u00e4en kunta - tontit<\/title>\n<meta name=\"robots\" content=\"index, follow, max-snippet:-1, max-image-preview:large, max-video-preview:-1\" \/>\n<link rel=\"canonical\" href=\"https:\/\/tontit.mynamaki.fi\/?page_id=147\" \/>\n<meta property=\"og:locale\" content=\"fi_FI\" \/>\n<meta property=\"og:type\" content=\"article\" \/>\n<meta property=\"og:title\" content=\"Tavastila - Myn\u00e4m\u00e4en kunta - tontit\" \/>\n<meta property=\"og:description\" content=\"Tavastila Talo Tavastilaan Tavastilan tontit sijaitsevat rauhallisella, mets\u00e4isell\u00e4 asuinalueella Mietoisten kirkonkyl\u00e4ss\u00e4 noin 8 km:n p\u00e4\u00e4ss\u00e4 Myn\u00e4m\u00e4en keskustasta. Koulutie on lyhyt: Hiirenkorvan p\u00e4iv\u00e4kotiin ja Tavastilan kouluun on kumpaankin matkaa vajaa kilometri. Mietoisten alueelta l\u00f6ytyv\u00e4t hyv\u00e4t mahdollisuudet harrastustoimintaan. Tavastilan koululla j\u00e4rjestet\u00e4\u00e4n ty\u00f6v\u00e4enopiston kursseja. Koulun pihalla on monipuoliset urheilumahdollisuudet: yleisurheilukentt\u00e4, pallokentt\u00e4, rantalentopallokentt\u00e4 ja frisbeegolfrata. Kirkonkyl\u00e4lt\u00e4 l\u00f6ytyy my\u00f6s Mietoisten [&hellip;]\" \/>\n<meta property=\"og:url\" content=\"https:\/\/tontit.mynamaki.fi\/?page_id=147\" \/>\n<meta property=\"og:site_name\" content=\"Myn\u00e4m\u00e4en kunta - tontit\" \/>\n<meta property=\"article:modified_time\" content=\"2025-06-23T07:46:20+00:00\" \/>\n<meta property=\"og:image\" content=\"https:\/\/tontit.mynamaki.fi\/wp-content\/uploads\/2022\/08\/TavastilaAO-e1659620753140.png\" \/>\n<meta name=\"twitter:card\" content=\"summary_large_image\" \/>\n<meta name=\"twitter:label1\" content=\"Arvioitu lukuaika\" \/>\n\t<meta name=\"twitter:data1\" content=\"3 minuuttia\" \/>\n<script type=\"application\/ld+json\" class=\"yoast-schema-graph\">{\"@context\":\"https:\\\/\\\/schema.org\",\"@graph\":[{\"@type\":\"WebPage\",\"@id\":\"https:\\\/\\\/tontit.mynamaki.fi\\\/?page_id=147\",\"url\":\"https:\\\/\\\/tontit.mynamaki.fi\\\/?page_id=147\",\"name\":\"Tavastila - Myn\u00e4m\u00e4en kunta - tontit\",\"isPartOf\":{\"@id\":\"https:\\\/\\\/tontit.mynamaki.fi\\\/#website\"},\"primaryImageOfPage\":{\"@id\":\"https:\\\/\\\/tontit.mynamaki.fi\\\/?page_id=147#primaryimage\"},\"image\":{\"@id\":\"https:\\\/\\\/tontit.mynamaki.fi\\\/?page_id=147#primaryimage\"},\"thumbnailUrl\":\"https:\\\/\\\/tontit.mynamaki.fi\\\/wp-content\\\/uploads\\\/2022\\\/08\\\/TavastilaAO-e1659620753140.png\",\"datePublished\":\"2021-12-13T10:46:09+00:00\",\"dateModified\":\"2025-06-23T07:46:20+00:00\",\"breadcrumb\":{\"@id\":\"https:\\\/\\\/tontit.mynamaki.fi\\\/?page_id=147#breadcrumb\"},\"inLanguage\":\"fi\",\"potentialAction\":[{\"@type\":\"ReadAction\",\"target\":[\"https:\\\/\\\/tontit.mynamaki.fi\\\/?page_id=147\"]}]},{\"@type\":\"ImageObject\",\"inLanguage\":\"fi\",\"@id\":\"https:\\\/\\\/tontit.mynamaki.fi\\\/?page_id=147#primaryimage\",\"url\":\"https:\\\/\\\/tontit.mynamaki.fi\\\/wp-content\\\/uploads\\\/2022\\\/08\\\/TavastilaAO-e1659620753140.png\",\"contentUrl\":\"https:\\\/\\\/tontit.mynamaki.fi\\\/wp-content\\\/uploads\\\/2022\\\/08\\\/TavastilaAO-e1659620753140.png\"},{\"@type\":\"BreadcrumbList\",\"@id\":\"https:\\\/\\\/tontit.mynamaki.fi\\\/?page_id=147#breadcrumb\",\"itemListElement\":[{\"@type\":\"ListItem\",\"position\":1,\"name\":\"Home\",\"item\":\"https:\\\/\\\/tontit.mynamaki.fi\\\/\"},{\"@type\":\"ListItem\",\"position\":2,\"name\":\"Tavastila\"}]},{\"@type\":\"WebSite\",\"@id\":\"https:\\\/\\\/tontit.mynamaki.fi\\\/#website\",\"url\":\"https:\\\/\\\/tontit.mynamaki.fi\\\/\",\"name\":\"Myn\u00e4m\u00e4en kunta - tontit\",\"description\":\"\",\"publisher\":{\"@id\":\"https:\\\/\\\/tontit.mynamaki.fi\\\/#organization\"},\"potentialAction\":[{\"@type\":\"SearchAction\",\"target\":{\"@type\":\"EntryPoint\",\"urlTemplate\":\"https:\\\/\\\/tontit.mynamaki.fi\\\/?s={search_term_string}\"},\"query-input\":{\"@type\":\"PropertyValueSpecification\",\"valueRequired\":true,\"valueName\":\"search_term_string\"}}],\"inLanguage\":\"fi\"},{\"@type\":\"Organization\",\"@id\":\"https:\\\/\\\/tontit.mynamaki.fi\\\/#organization\",\"name\":\"Myn\u00e4m\u00e4en kunta - tontit\",\"url\":\"https:\\\/\\\/tontit.mynamaki.fi\\\/\",\"logo\":{\"@type\":\"ImageObject\",\"inLanguage\":\"fi\",\"@id\":\"https:\\\/\\\/tontit.mynamaki.fi\\\/#\\\/schema\\\/logo\\\/image\\\/\",\"url\":\"https:\\\/\\\/tontit.mynamaki.fi\\\/wp-content\\\/uploads\\\/2021\\\/12\\\/logo_header.png\",\"contentUrl\":\"https:\\\/\\\/tontit.mynamaki.fi\\\/wp-content\\\/uploads\\\/2021\\\/12\\\/logo_header.png\",\"width\":500,\"height\":158,\"caption\":\"Myn\u00e4m\u00e4en kunta - tontit\"},\"image\":{\"@id\":\"https:\\\/\\\/tontit.mynamaki.fi\\\/#\\\/schema\\\/logo\\\/image\\\/\"}}]}<\/script>\n<!-- \/ Yoast SEO plugin. -->","yoast_head_json":{"title":"Tavastila - Myn\u00e4m\u00e4en kunta - tontit","robots":{"index":"index","follow":"follow","max-snippet":"max-snippet:-1","max-image-preview":"max-image-preview:large","max-video-preview":"max-video-preview:-1"},"canonical":"https:\/\/tontit.mynamaki.fi\/?page_id=147","og_locale":"fi_FI","og_type":"article","og_title":"Tavastila - Myn\u00e4m\u00e4en kunta - tontit","og_description":"Tavastila Talo Tavastilaan Tavastilan tontit sijaitsevat rauhallisella, mets\u00e4isell\u00e4 asuinalueella Mietoisten kirkonkyl\u00e4ss\u00e4 noin 8 km:n p\u00e4\u00e4ss\u00e4 Myn\u00e4m\u00e4en keskustasta. Koulutie on lyhyt: Hiirenkorvan p\u00e4iv\u00e4kotiin ja Tavastilan kouluun on kumpaankin matkaa vajaa kilometri. Mietoisten alueelta l\u00f6ytyv\u00e4t hyv\u00e4t mahdollisuudet harrastustoimintaan. Tavastilan koululla j\u00e4rjestet\u00e4\u00e4n ty\u00f6v\u00e4enopiston kursseja. Koulun pihalla on monipuoliset urheilumahdollisuudet: yleisurheilukentt\u00e4, pallokentt\u00e4, rantalentopallokentt\u00e4 ja frisbeegolfrata. Kirkonkyl\u00e4lt\u00e4 l\u00f6ytyy my\u00f6s Mietoisten [&hellip;]","og_url":"https:\/\/tontit.mynamaki.fi\/?page_id=147","og_site_name":"Myn\u00e4m\u00e4en kunta - tontit","article_modified_time":"2025-06-23T07:46:20+00:00","og_image":[{"url":"https:\/\/tontit.mynamaki.fi\/wp-content\/uploads\/2022\/08\/TavastilaAO-e1659620753140.png","type":"","width":"","height":""}],"twitter_card":"summary_large_image","twitter_misc":{"Arvioitu lukuaika":"3 minuuttia"},"schema":{"@context":"https:\/\/schema.org","@graph":[{"@type":"WebPage","@id":"https:\/\/tontit.mynamaki.fi\/?page_id=147","url":"https:\/\/tontit.mynamaki.fi\/?page_id=147","name":"Tavastila - Myn\u00e4m\u00e4en kunta - tontit","isPartOf":{"@id":"https:\/\/tontit.mynamaki.fi\/#website"},"primaryImageOfPage":{"@id":"https:\/\/tontit.mynamaki.fi\/?page_id=147#primaryimage"},"image":{"@id":"https:\/\/tontit.mynamaki.fi\/?page_id=147#primaryimage"},"thumbnailUrl":"https:\/\/tontit.mynamaki.fi\/wp-content\/uploads\/2022\/08\/TavastilaAO-e1659620753140.png","datePublished":"2021-12-13T10:46:09+00:00","dateModified":"2025-06-23T07:46:20+00:00","breadcrumb":{"@id":"https:\/\/tontit.mynamaki.fi\/?page_id=147#breadcrumb"},"inLanguage":"fi","potentialAction":[{"@type":"ReadAction","target":["https:\/\/tontit.mynamaki.fi\/?page_id=147"]}]},{"@type":"ImageObject","inLanguage":"fi","@id":"https:\/\/tontit.mynamaki.fi\/?page_id=147#primaryimage","url":"https:\/\/tontit.mynamaki.fi\/wp-content\/uploads\/2022\/08\/TavastilaAO-e1659620753140.png","contentUrl":"https:\/\/tontit.mynamaki.fi\/wp-content\/uploads\/2022\/08\/TavastilaAO-e1659620753140.png"},{"@type":"BreadcrumbList","@id":"https:\/\/tontit.mynamaki.fi\/?page_id=147#breadcrumb","itemListElement":[{"@type":"ListItem","position":1,"name":"Home","item":"https:\/\/tontit.mynamaki.fi\/"},{"@type":"ListItem","position":2,"name":"Tavastila"}]},{"@type":"WebSite","@id":"https:\/\/tontit.mynamaki.fi\/#website","url":"https:\/\/tontit.mynamaki.fi\/","name":"Myn\u00e4m\u00e4en kunta - tontit","description":"","publisher":{"@id":"https:\/\/tontit.mynamaki.fi\/#organization"},"potentialAction":[{"@type":"SearchAction","target":{"@type":"EntryPoint","urlTemplate":"https:\/\/tontit.mynamaki.fi\/?s={search_term_string}"},"query-input":{"@type":"PropertyValueSpecification","valueRequired":true,"valueName":"search_term_string"}}],"inLanguage":"fi"},{"@type":"Organization","@id":"https:\/\/tontit.mynamaki.fi\/#organization","name":"Myn\u00e4m\u00e4en kunta - tontit","url":"https:\/\/tontit.mynamaki.fi\/","logo":{"@type":"ImageObject","inLanguage":"fi","@id":"https:\/\/tontit.mynamaki.fi\/#\/schema\/logo\/image\/","url":"https:\/\/tontit.mynamaki.fi\/wp-content\/uploads\/2021\/12\/logo_header.png","contentUrl":"https:\/\/tontit.mynamaki.fi\/wp-content\/uploads\/2021\/12\/logo_header.png","width":500,"height":158,"caption":"Myn\u00e4m\u00e4en kunta - tontit"},"image":{"@id":"https:\/\/tontit.mynamaki.fi\/#\/schema\/logo\/image\/"}}]}},"_links":{"self":[{"href":"https:\/\/tontit.mynamaki.fi\/index.php?rest_route=\/wp\/v2\/pages\/147","targetHints":{"allow":["GET"]}}],"collection":[{"href":"https:\/\/tontit.mynamaki.fi\/index.php?rest_route=\/wp\/v2\/pages"}],"about":[{"href":"https:\/\/tontit.mynamaki.fi\/index.php?rest_route=\/wp\/v2\/types\/page"}],"author":[{"embeddable":true,"href":"https:\/\/tontit.mynamaki.fi\/index.php?rest_route=\/wp\/v2\/users\/2"}],"replies":[{"embeddable":true,"href":"https:\/\/tontit.mynamaki.fi\/index.php?rest_route=%2Fwp%2Fv2%2Fcomments&post=147"}],"version-history":[{"count":31,"href":"https:\/\/tontit.mynamaki.fi\/index.php?rest_route=\/wp\/v2\/pages\/147\/revisions"}],"predecessor-version":[{"id":2042,"href":"https:\/\/tontit.mynamaki.fi\/index.php?rest_route=\/wp\/v2\/pages\/147\/revisions\/2042"}],"wp:attachment":[{"href":"https:\/\/tontit.mynamaki.fi\/index.php?rest_route=%2Fwp%2Fv2%2Fmedia&parent=147"}],"curies":[{"name":"wp","href":"https:\/\/api.w.org\/{rel}","templated":true}]}}